{"id":8376,"date":"2024-08-02T14:42:43","date_gmt":"2024-08-02T17:42:43","guid":{"rendered":"https:\/\/acrisure.com.br\/insights\/?page_id=8376"},"modified":"2026-02-05T17:45:53","modified_gmt":"2026-02-05T20:45:53","slug":"iframe-gebram","status":"publish","type":"page","link":"https:\/\/acrisure.com.br\/insights\/iframe-gebram\/","title":{"rendered":"iFrame Gebram"},"content":{"rendered":"<p>[et_pb_section fb_built=&#8221;1&#8243; _builder_version=&#8221;4.23&#8243; _module_preset=&#8221;default&#8221; custom_padding=&#8221;0px||0px||false|false&#8221; custom_css_main_element=&#8221;background: linear-gradient(90deg, white 10%, #e1e1e2 10%);&#8221; global_colors_info=&#8221;{}&#8221; custom_css_main_element_last_edited=&#8221;on|desktop&#8221; custom_css_main_element_tablet=&#8221;background: transparent;&#8221; custom_css_main_element_phone=&#8221;background: transparent;&#8221;][et_pb_row column_structure=&#8221;3_5,2_5&#8243; use_custom_gutter=&#8221;on&#8221; gutter_width=&#8221;2&#8243; make_equal=&#8221;on&#8221; _builder_version=&#8221;4.23&#8243; _module_preset=&#8221;default&#8221; width=&#8221;100%&#8221; max_width=&#8221;3840px&#8221; module_alignment=&#8221;center&#8221; custom_margin=&#8221;||25px||false|false&#8221; custom_margin_tablet=&#8221;||40px||false|false&#8221; custom_margin_phone=&#8221;||40px||false|false&#8221; custom_margin_last_edited=&#8221;on|desktop&#8221; custom_padding=&#8221;0px||0px||false|false&#8221; global_colors_info=&#8221;{}&#8221;][et_pb_column type=&#8221;3_5&#8243; _builder_version=&#8221;4.23&#8243; _module_preset=&#8221;default&#8221; global_colors_info=&#8221;{}&#8221;][et_pb_blog posts_number=&#8221;1&#8243; include_categories=&#8221;all&#8221; use_manual_excerpt=&#8221;off&#8221; show_author=&#8221;off&#8221; show_date=&#8221;off&#8221; show_categories=&#8221;off&#8221; show_excerpt=&#8221;off&#8221; show_pagination=&#8221;off&#8221; _builder_version=&#8221;4.23&#8243; _module_preset=&#8221;default&#8221; header_font=&#8221;Montserrat|600|||||||&#8221; header_font_size=&#8221;20px&#8221; header_line_height=&#8221;1.2em&#8221; read_more_font=&#8221;Montserrat|600|||||||&#8221; read_more_text_color=&#8221;#727176&#8243; pagination_font=&#8221;Montserrat|600|||||||&#8221; pagination_font_size=&#8221;13px&#8221; pagination_line_height=&#8221;1em&#8221; text_orientation=&#8221;left&#8221; custom_margin=&#8221;||0px||false|false&#8221; custom_css_title=&#8221;display: none;&#8221; custom_css_post_meta=&#8221;display: none;&#8221; custom_css_featured_image=&#8221;margin-bottom: 0; width: 100%; height: 240px; object-fit: cover;&#8221; global_colors_info=&#8221;{}&#8221;][\/et_pb_blog][\/et_pb_column][et_pb_column type=&#8221;2_5&#8243; _builder_version=&#8221;4.23&#8243; _module_preset=&#8221;default&#8221; custom_css_main_element=&#8221;display: flex; display: -webkit-flex; align-items: center; -webkit-align-items: center;&#8221; global_colors_info=&#8221;{}&#8221;][et_pb_blog posts_number=&#8221;1&#8243; include_categories=&#8221;all&#8221; show_thumbnail=&#8221;off&#8221; use_manual_excerpt=&#8221;off&#8221; show_more=&#8221;on&#8221; show_author=&#8221;off&#8221; show_date=&#8221;off&#8221; show_categories=&#8221;off&#8221; show_excerpt=&#8221;off&#8221; show_pagination=&#8221;off&#8221; _builder_version=&#8221;4.23&#8243; _module_preset=&#8221;default&#8221; header_font=&#8221;Roboto|700|||||||&#8221; header_text_color=&#8221;#1d6183&#8243; header_font_size=&#8221;20px&#8221; header_letter_spacing=&#8221;1px&#8221; header_line_height=&#8221;1.2em&#8221; read_more_font=&#8221;Roboto|700||on|||||&#8221; read_more_text_color=&#8221;#84a817&#8243; read_more_font_size=&#8221;12px&#8221; read_more_letter_spacing=&#8221;1px&#8221; read_more_line_height=&#8221;1.2em&#8221; text_orientation=&#8221;left&#8221; width=&#8221;250px&#8221; max_width=&#8221;100%&#8221; module_alignment=&#8221;left&#8221; custom_margin=&#8221;||0px||false|false&#8221; text_orientation_tablet=&#8221;center&#8221; text_orientation_phone=&#8221;center&#8221; text_orientation_last_edited=&#8221;on|desktop&#8221; module_alignment_tablet=&#8221;center&#8221; module_alignment_phone=&#8221;center&#8221; module_alignment_last_edited=&#8221;on|tablet&#8221; custom_css_post_meta=&#8221;display: none;&#8221; global_colors_info=&#8221;{}&#8221;][\/et_pb_blog][\/et_pb_column][\/et_pb_row][et_pb_row column_structure=&#8221;2_5,3_5&#8243; use_custom_gutter=&#8221;on&#8221; gutter_width=&#8221;2&#8243; make_equal=&#8221;on&#8221; _builder_version=&#8221;4.23&#8243; _module_preset=&#8221;default&#8221; width=&#8221;100%&#8221; max_width=&#8221;3840px&#8221; module_alignment=&#8221;center&#8221; custom_margin=&#8221;||25px||false|false&#8221; custom_margin_tablet=&#8221;||40px||false|false&#8221; custom_margin_phone=&#8221;||40px||false|false&#8221; custom_margin_last_edited=&#8221;on|desktop&#8221; custom_padding=&#8221;0px||0px||false|false&#8221; global_colors_info=&#8221;{}&#8221;][et_pb_column type=&#8221;2_5&#8243; _builder_version=&#8221;4.23&#8243; _module_preset=&#8221;default&#8221; custom_css_main_element=&#8221;display: flex; display: -webkit-flex; align-items: center; -webkit-align-items: center;&#8221; global_colors_info=&#8221;{}&#8221; custom_css_main_element_last_edited=&#8221;on|tablet&#8221; custom_css_main_element_tablet=&#8221;margin-bottom: 0 !important;&#8221; custom_css_main_element_phone=&#8221;margin-bottom: 0 !important;&#8221;][et_pb_blog posts_number=&#8221;1&#8243; include_categories=&#8221;all&#8221; use_manual_excerpt=&#8221;off&#8221; show_author=&#8221;off&#8221; show_date=&#8221;off&#8221; show_categories=&#8221;off&#8221; show_excerpt=&#8221;off&#8221; show_pagination=&#8221;off&#8221; offset_number=&#8221;1&#8243; disabled_on=&#8221;off|off|on&#8221; _builder_version=&#8221;4.23&#8243; _module_preset=&#8221;default&#8221; header_font=&#8221;Montserrat|600|||||||&#8221; header_font_size=&#8221;20px&#8221; header_line_height=&#8221;1.2em&#8221; read_more_font=&#8221;Montserrat|600|||||||&#8221; read_more_text_color=&#8221;#727176&#8243; pagination_font=&#8221;Montserrat|600|||||||&#8221; pagination_font_size=&#8221;13px&#8221; pagination_line_height=&#8221;1em&#8221; text_orientation=&#8221;left&#8221; custom_margin=&#8221;||0px||false|false&#8221; custom_margin_tablet=&#8221;||30px||false|false&#8221; custom_margin_phone=&#8221;||30px||false|false&#8221; custom_margin_last_edited=&#8221;on|desktop&#8221; custom_css_title=&#8221;display: none;&#8221; custom_css_post_meta=&#8221;display: none;&#8221; custom_css_featured_image=&#8221;margin-bottom: 0; width: 100%; height: 240px; object-fit: cover;&#8221; global_colors_info=&#8221;{}&#8221;][\/et_pb_blog][et_pb_blog posts_number=&#8221;1&#8243; include_categories=&#8221;all&#8221; show_thumbnail=&#8221;off&#8221; use_manual_excerpt=&#8221;off&#8221; show_more=&#8221;on&#8221; show_author=&#8221;off&#8221; show_date=&#8221;off&#8221; show_categories=&#8221;off&#8221; show_excerpt=&#8221;off&#8221; show_pagination=&#8221;off&#8221; offset_number=&#8221;1&#8243; _builder_version=&#8221;4.27.5&#8243; _module_preset=&#8221;default&#8221; header_font=&#8221;Roboto|700|||||||&#8221; header_text_color=&#8221;#84a817&#8243; header_font_size=&#8221;20px&#8221; header_letter_spacing=&#8221;1px&#8221; header_line_height=&#8221;1.2em&#8221; read_more_font=&#8221;Roboto|700||on|||||&#8221; read_more_text_color=&#8221;#1d6183&#8243; read_more_font_size=&#8221;12px&#8221; read_more_letter_spacing=&#8221;1px&#8221; read_more_line_height=&#8221;1.2em&#8221; text_orientation=&#8221;right&#8221; width=&#8221;250px&#8221; max_width=&#8221;100%&#8221; module_alignment=&#8221;right&#8221; custom_margin=&#8221;||0px||false|false&#8221; hover_enabled=&#8221;0&#8243; text_orientation_tablet=&#8221;center&#8221; text_orientation_phone=&#8221;center&#8221; text_orientation_last_edited=&#8221;on|desktop&#8221; module_alignment_tablet=&#8221;center&#8221; module_alignment_phone=&#8221;center&#8221; module_alignment_last_edited=&#8221;on|phone&#8221; custom_css_main_element=&#8221;width: 250px; max-width: 100%; margin-left: auto;&#8221; custom_css_title=&#8221;font-family: &#8216;Roboto&#8217;; color: #84a817; font-size: 20px; line-height: 1.2em;&#8221; custom_css_post_meta=&#8221;display: none;&#8221; custom_css_read_more=&#8221;font-family: &#8216;Roboto&#8217;; font-weight: bold; color: #1d6183; font-size: 12px; line-height: 1.2em; letter-spacing: 1px;&#8221; global_colors_info=&#8221;{}&#8221; custom_css_main_element_last_edited=&#8221;on|phone&#8221; custom_css_main_element_tablet=&#8221;width: 250px; max-width: 100%; margin-left: auto; margin-right: auto;&#8221; custom_css_main_element_phone=&#8221;width: 250px; max-width: 100%; margin-left: auto; margin-right: auto;&#8221; sticky_enabled=&#8221;0&#8243;][\/et_pb_blog][\/et_pb_column][et_pb_column type=&#8221;3_5&#8243; _builder_version=&#8221;4.23&#8243; _module_preset=&#8221;default&#8221; global_colors_info=&#8221;{}&#8221;][et_pb_blog posts_number=&#8221;1&#8243; include_categories=&#8221;all&#8221; use_manual_excerpt=&#8221;off&#8221; show_author=&#8221;off&#8221; show_date=&#8221;off&#8221; show_categories=&#8221;off&#8221; show_excerpt=&#8221;off&#8221; show_pagination=&#8221;off&#8221; offset_number=&#8221;1&#8243; disabled_on=&#8221;on|on|off&#8221; _builder_version=&#8221;4.23&#8243; _module_preset=&#8221;default&#8221; header_font=&#8221;Montserrat|600|||||||&#8221; header_font_size=&#8221;20px&#8221; header_line_height=&#8221;1.2em&#8221; read_more_font=&#8221;Montserrat|600|||||||&#8221; read_more_text_color=&#8221;#727176&#8243; pagination_font=&#8221;Montserrat|600|||||||&#8221; pagination_font_size=&#8221;13px&#8221; pagination_line_height=&#8221;1em&#8221; text_orientation=&#8221;left&#8221; custom_margin=&#8221;||0px||false|false&#8221; custom_margin_tablet=&#8221;||30px||false|false&#8221; custom_margin_phone=&#8221;||30px||false|false&#8221; custom_margin_last_edited=&#8221;on|desktop&#8221; custom_css_title=&#8221;display: none;&#8221; custom_css_post_meta=&#8221;display: none;&#8221; custom_css_featured_image=&#8221;margin-bottom: 0; width: 100%; height: 240px; object-fit: cover;&#8221; global_colors_info=&#8221;{}&#8221;][\/et_pb_blog][\/et_pb_column][\/et_pb_row][et_pb_row column_structure=&#8221;3_5,2_5&#8243; use_custom_gutter=&#8221;on&#8221; gutter_width=&#8221;2&#8243; make_equal=&#8221;on&#8221; _builder_version=&#8221;4.23&#8243; _module_preset=&#8221;default&#8221; width=&#8221;100%&#8221; max_width=&#8221;3840px&#8221; module_alignment=&#8221;center&#8221; custom_margin=&#8221;||-20px||false|false&#8221; custom_margin_tablet=&#8221;||0px||false|false&#8221; custom_margin_phone=&#8221;||0px||false|false&#8221; custom_margin_last_edited=&#8221;on|desktop&#8221; custom_padding=&#8221;0px||0px||false|false&#8221; global_colors_info=&#8221;{}&#8221;][et_pb_column type=&#8221;3_5&#8243; _builder_version=&#8221;4.23&#8243; _module_preset=&#8221;default&#8221; global_colors_info=&#8221;{}&#8221;][et_pb_blog posts_number=&#8221;1&#8243; include_categories=&#8221;all&#8221; use_manual_excerpt=&#8221;off&#8221; show_author=&#8221;off&#8221; show_date=&#8221;off&#8221; show_categories=&#8221;off&#8221; show_excerpt=&#8221;off&#8221; show_pagination=&#8221;off&#8221; offset_number=&#8221;2&#8243; _builder_version=&#8221;4.23&#8243; _module_preset=&#8221;default&#8221; header_font=&#8221;Montserrat|600|||||||&#8221; header_font_size=&#8221;20px&#8221; header_line_height=&#8221;1.2em&#8221; read_more_font=&#8221;Montserrat|600|||||||&#8221; read_more_text_color=&#8221;#727176&#8243; pagination_font=&#8221;Montserrat|600|||||||&#8221; pagination_font_size=&#8221;13px&#8221; pagination_line_height=&#8221;1em&#8221; text_orientation=&#8221;left&#8221; custom_margin=&#8221;||0px||false|false&#8221; custom_css_title=&#8221;display: none;&#8221; custom_css_post_meta=&#8221;display: none;&#8221; custom_css_featured_image=&#8221;margin-bottom: 0; width: 100%; height: 240px; object-fit: cover;&#8221; global_colors_info=&#8221;{}&#8221;][\/et_pb_blog][\/et_pb_column][et_pb_column type=&#8221;2_5&#8243; _builder_version=&#8221;4.23&#8243; _module_preset=&#8221;default&#8221; custom_css_main_element=&#8221;display: flex; display: -webkit-flex; align-items: center; -webkit-align-items: center;&#8221; global_colors_info=&#8221;{}&#8221;][et_pb_blog posts_number=&#8221;1&#8243; include_categories=&#8221;all&#8221; show_thumbnail=&#8221;off&#8221; use_manual_excerpt=&#8221;off&#8221; show_more=&#8221;on&#8221; show_author=&#8221;off&#8221; show_date=&#8221;off&#8221; show_categories=&#8221;off&#8221; show_excerpt=&#8221;off&#8221; show_pagination=&#8221;off&#8221; offset_number=&#8221;2&#8243; _builder_version=&#8221;4.23&#8243; _module_preset=&#8221;default&#8221; header_font=&#8221;Roboto|700|||||||&#8221; header_text_color=&#8221;#1d6183&#8243; header_font_size=&#8221;20px&#8221; header_letter_spacing=&#8221;1px&#8221; header_line_height=&#8221;1.2em&#8221; read_more_font=&#8221;Roboto|700||on|||||&#8221; read_more_text_color=&#8221;#84a817&#8243; read_more_font_size=&#8221;12px&#8221; read_more_letter_spacing=&#8221;1px&#8221; read_more_line_height=&#8221;1.2em&#8221; text_orientation=&#8221;left&#8221; width=&#8221;250px&#8221; max_width=&#8221;100%&#8221; module_alignment=&#8221;left&#8221; custom_margin=&#8221;||0px||false|false&#8221; text_orientation_tablet=&#8221;center&#8221; text_orientation_phone=&#8221;center&#8221; text_orientation_last_edited=&#8221;on|desktop&#8221; module_alignment_tablet=&#8221;center&#8221; module_alignment_phone=&#8221;center&#8221; module_alignment_last_edited=&#8221;on|tablet&#8221; custom_css_post_meta=&#8221;display: none;&#8221; global_colors_info=&#8221;{}&#8221;][\/et_pb_blog][\/et_pb_column][\/et_pb_row][et_pb_row _builder_version=&#8221;4.23&#8243; _module_preset=&#8221;default&#8221; max_height=&#8221;0px&#8221; custom_padding=&#8221;0px||0px||false|false&#8221; global_colors_info=&#8221;{}&#8221;][et_pb_column type=&#8221;4_4&#8243; _builder_version=&#8221;4.23&#8243; _module_preset=&#8221;default&#8221; global_colors_info=&#8221;{}&#8221;][et_pb_code _builder_version=&#8221;4.23&#8243; _module_preset=&#8221;default&#8221; max_height=&#8221;0px&#8221; global_colors_info=&#8221;{}&#8221;]<script><!-- [et_pb_line_break_holder] -->jQuery(function($){<!-- [et_pb_line_break_holder] -->$('.et_pb_post .entry-featured-image-url').attr('target', '_blank');<!-- [et_pb_line_break_holder] -->$('.et_pb_post .entry-title a').attr('target', '_blank');<!-- [et_pb_line_break_holder] -->$('.et_pb_posts a.more-link').attr('target', '_blank');<!-- [et_pb_line_break_holder] -->});<!-- [et_pb_line_break_holder] --><\/script>[\/et_pb_code][\/et_pb_column][\/et_pb_row][\/et_pb_section]<\/p>\n","protected":false},"excerpt":{"rendered":"","protected":false},"author":1,"featured_media":0,"parent":0,"menu_order":0,"comment_status":"closed","ping_status":"closed","template":"","meta":{"_et_pb_use_builder":"on","_et_pb_old_content":"","_et_gb_content_width":"","footnotes":"","_links_to":"","_links_to_target":""},"class_list":["post-8376","page","type-page","status-publish","hentry"],"yoast_head":"<!-- This site is optimized with the Yoast SEO plugin v27.4 - https:\/\/yoast.com\/product\/yoast-seo-wordpress\/ -->\n<title>iFrame Gebram - Insights \/ Acrisure<\/title>\n<meta name=\"description\" content=\"P\u00e1gina com iframe Gebram: acesse conte\u00fados e solu\u00e7\u00f5es em seguros diretamente da nossa plataforma integrada.\" \/>\n<meta name=\"robots\" content=\"index, follow, max-snippet:-1, max-image-preview:large, max-video-preview:-1\" \/>\n<link rel=\"canonical\" href=\"https:\/\/acrisure.com.br\/insights\/iframe-gebram\/\" \/>\n<meta property=\"og:locale\" content=\"pt_BR\" \/>\n<meta property=\"og:type\" content=\"article\" \/>\n<meta property=\"og:title\" content=\"iFrame Gebram - Insights \/ Acrisure\" \/>\n<meta property=\"og:description\" content=\"P\u00e1gina com iframe Gebram: acesse conte\u00fados e solu\u00e7\u00f5es em seguros diretamente da nossa plataforma integrada.\" \/>\n<meta property=\"og:url\" content=\"https:\/\/acrisure.com.br\/insights\/iframe-gebram\/\" \/>\n<meta property=\"og:site_name\" content=\"Insights \/ Acrisure\" \/>\n<meta property=\"article:publisher\" content=\"https:\/\/www.facebook.com\/itsseg\/\" \/>\n<meta property=\"article:modified_time\" content=\"2026-02-05T20:45:53+00:00\" \/>\n<meta name=\"twitter:card\" content=\"summary_large_image\" \/>\n<meta name=\"twitter:label1\" content=\"Est. tempo de leitura\" \/>\n\t<meta name=\"twitter:data1\" content=\"4 minutos\" \/>\n<script type=\"application\/ld+json\" class=\"yoast-schema-graph\">{\"@context\":\"https:\\\/\\\/schema.org\",\"@graph\":[{\"@type\":\"WebPage\",\"@id\":\"https:\\\/\\\/acrisure.com.br\\\/insights\\\/iframe-gebram\\\/\",\"url\":\"https:\\\/\\\/acrisure.com.br\\\/insights\\\/iframe-gebram\\\/\",\"name\":\"iFrame Gebram - Insights \\\/ Acrisure\",\"isPartOf\":{\"@id\":\"https:\\\/\\\/acrisure.com.br\\\/insights\\\/#website\"},\"datePublished\":\"2024-08-02T17:42:43+00:00\",\"dateModified\":\"2026-02-05T20:45:53+00:00\",\"description\":\"P\u00e1gina com iframe Gebram: acesse conte\u00fados e solu\u00e7\u00f5es em seguros diretamente da nossa plataforma integrada.\",\"breadcrumb\":{\"@id\":\"https:\\\/\\\/acrisure.com.br\\\/insights\\\/iframe-gebram\\\/#breadcrumb\"},\"inLanguage\":\"pt-BR\",\"potentialAction\":[{\"@type\":\"ReadAction\",\"target\":[\"https:\\\/\\\/acrisure.com.br\\\/insights\\\/iframe-gebram\\\/\"]}]},{\"@type\":\"BreadcrumbList\",\"@id\":\"https:\\\/\\\/acrisure.com.br\\\/insights\\\/iframe-gebram\\\/#breadcrumb\",\"itemListElement\":[{\"@type\":\"ListItem\",\"position\":1,\"name\":\"In\u00edcio\",\"item\":\"https:\\\/\\\/acrisure.com.br\\\/insights\\\/\"},{\"@type\":\"ListItem\",\"position\":2,\"name\":\"iFrame Gebram\"}]},{\"@type\":\"WebSite\",\"@id\":\"https:\\\/\\\/acrisure.com.br\\\/insights\\\/#website\",\"url\":\"https:\\\/\\\/acrisure.com.br\\\/insights\\\/\",\"name\":\"Insights \\\/ Acrisure\",\"description\":\"Portal de Not\u00edcias e Conte\u00fado\",\"potentialAction\":[{\"@type\":\"SearchAction\",\"target\":{\"@type\":\"EntryPoint\",\"urlTemplate\":\"https:\\\/\\\/acrisure.com.br\\\/insights\\\/?s={search_term_string}\"},\"query-input\":{\"@type\":\"PropertyValueSpecification\",\"valueRequired\":true,\"valueName\":\"search_term_string\"}}],\"inLanguage\":\"pt-BR\"}]}<\/script>\n<!-- \/ Yoast SEO plugin. -->","yoast_head_json":{"title":"iFrame Gebram - Insights \/ Acrisure","description":"P\u00e1gina com iframe Gebram: acesse conte\u00fados e solu\u00e7\u00f5es em seguros diretamente da nossa plataforma integrada.","robots":{"index":"index","follow":"follow","max-snippet":"max-snippet:-1","max-image-preview":"max-image-preview:large","max-video-preview":"max-video-preview:-1"},"canonical":"https:\/\/acrisure.com.br\/insights\/iframe-gebram\/","og_locale":"pt_BR","og_type":"article","og_title":"iFrame Gebram - Insights \/ Acrisure","og_description":"P\u00e1gina com iframe Gebram: acesse conte\u00fados e solu\u00e7\u00f5es em seguros diretamente da nossa plataforma integrada.","og_url":"https:\/\/acrisure.com.br\/insights\/iframe-gebram\/","og_site_name":"Insights \/ Acrisure","article_publisher":"https:\/\/www.facebook.com\/itsseg\/","article_modified_time":"2026-02-05T20:45:53+00:00","twitter_card":"summary_large_image","twitter_misc":{"Est. tempo de leitura":"4 minutos"},"schema":{"@context":"https:\/\/schema.org","@graph":[{"@type":"WebPage","@id":"https:\/\/acrisure.com.br\/insights\/iframe-gebram\/","url":"https:\/\/acrisure.com.br\/insights\/iframe-gebram\/","name":"iFrame Gebram - Insights \/ Acrisure","isPartOf":{"@id":"https:\/\/acrisure.com.br\/insights\/#website"},"datePublished":"2024-08-02T17:42:43+00:00","dateModified":"2026-02-05T20:45:53+00:00","description":"P\u00e1gina com iframe Gebram: acesse conte\u00fados e solu\u00e7\u00f5es em seguros diretamente da nossa plataforma integrada.","breadcrumb":{"@id":"https:\/\/acrisure.com.br\/insights\/iframe-gebram\/#breadcrumb"},"inLanguage":"pt-BR","potentialAction":[{"@type":"ReadAction","target":["https:\/\/acrisure.com.br\/insights\/iframe-gebram\/"]}]},{"@type":"BreadcrumbList","@id":"https:\/\/acrisure.com.br\/insights\/iframe-gebram\/#breadcrumb","itemListElement":[{"@type":"ListItem","position":1,"name":"In\u00edcio","item":"https:\/\/acrisure.com.br\/insights\/"},{"@type":"ListItem","position":2,"name":"iFrame Gebram"}]},{"@type":"WebSite","@id":"https:\/\/acrisure.com.br\/insights\/#website","url":"https:\/\/acrisure.com.br\/insights\/","name":"Insights \/ Acrisure","description":"Portal de Not\u00edcias e Conte\u00fado","potentialAction":[{"@type":"SearchAction","target":{"@type":"EntryPoint","urlTemplate":"https:\/\/acrisure.com.br\/insights\/?s={search_term_string}"},"query-input":{"@type":"PropertyValueSpecification","valueRequired":true,"valueName":"search_term_string"}}],"inLanguage":"pt-BR"}]}},"_links":{"self":[{"href":"https:\/\/acrisure.com.br\/insights\/wp-json\/wp\/v2\/pages\/8376","targetHints":{"allow":["GET"]}}],"collection":[{"href":"https:\/\/acrisure.com.br\/insights\/wp-json\/wp\/v2\/pages"}],"about":[{"href":"https:\/\/acrisure.com.br\/insights\/wp-json\/wp\/v2\/types\/page"}],"author":[{"embeddable":true,"href":"https:\/\/acrisure.com.br\/insights\/wp-json\/wp\/v2\/users\/1"}],"replies":[{"embeddable":true,"href":"https:\/\/acrisure.com.br\/insights\/wp-json\/wp\/v2\/comments?post=8376"}],"version-history":[{"count":42,"href":"https:\/\/acrisure.com.br\/insights\/wp-json\/wp\/v2\/pages\/8376\/revisions"}],"predecessor-version":[{"id":20025,"href":"https:\/\/acrisure.com.br\/insights\/wp-json\/wp\/v2\/pages\/8376\/revisions\/20025"}],"wp:attachment":[{"href":"https:\/\/acrisure.com.br\/insights\/wp-json\/wp\/v2\/media?parent=8376"}],"curies":[{"name":"wp","href":"https:\/\/api.w.org\/{rel}","templated":true}]}}